{"id":117,"date":"2015-07-06T16:33:23","date_gmt":"2015-07-06T16:33:23","guid":{"rendered":"https:\/\/ba.warchildhood.org\/?page_id=117"},"modified":"2025-05-21T13:45:08","modified_gmt":"2025-05-21T11:45:08","slug":"stalna-postavka-u-sarajevu","status":"publish","type":"page","link":"https:\/\/warchildhood.org\/ba\/stalna-postavka-u-sarajevu\/","title":{"rendered":"Stalna postavka u Sarajevu"},"content":{"rendered":"[vc_row type=&#8221;grid&#8221; full_screen_row_position=&#8221;middle&#8221; column_margin=&#8221;default&#8221; column_direction=&#8221;default&#8221; column_direction_tablet=&#8221;default&#8221; column_direction_phone=&#8221;default&#8221; scene_position=&#8221;center&#8221; text_color=&#8221;dark&#8221; text_align=&#8221;left&#8221; row_border_radius=&#8221;none&#8221; row_border_radius_applies=&#8221;bg&#8221; overlay_strength=&#8221;0.3&#8243; gradient_direction=&#8221;left_to_right&#8221; shape_divider_position=&#8221;bottom&#8221; bg_image_animation=&#8221;none&#8221; is_fss_bg=&#8221;no&#8221; full_width=&#8221;&#8221; parallax=&#8221;&#8221; parallax_image=&#8221;&#8221;][vc_column column_padding=&#8221;no-extra-padding&#8221; column_padding_tablet=&#8221;inherit&#8221; column_padding_phone=&#8221;inherit&#8221; column_padding_position=&#8221;all&#8221; column_element_spacing=&#8221;default&#8221; background_color_opacity=&#8221;1&#8243; background_hover_color_opacity=&#8221;1&#8243; column_shadow=&#8221;none&#8221; column_border_radius=&#8221;none&#8221; column_link_target=&#8221;_self&#8221; gradient_direction=&#8221;left_to_right&#8221; overlay_strength=&#8221;0.3&#8243; width=&#8221;1\/2&#8243; tablet_width_inherit=&#8221;default&#8221; tablet_text_alignment=&#8221;default&#8221; phone_text_alignment=&#8221;default&#8221; bg_image_animation=&#8221;none&#8221; border_type=&#8221;simple&#8221; column_border_width=&#8221;none&#8221; column_border_style=&#8221;solid&#8221; dp_animation=&#8221;&#8221;][vc_column_text dp_animation=&#8221;&#8221;][\/vc_column_text][\/vc_column][vc_column column_padding=&#8221;no-extra-padding&#8221; column_padding_tablet=&#8221;inherit&#8221; column_padding_phone=&#8221;inherit&#8221; column_padding_position=&#8221;all&#8221; column_element_spacing=&#8221;default&#8221; background_color_opacity=&#8221;1&#8243; background_hover_color_opacity=&#8221;1&#8243; column_shadow=&#8221;none&#8221; column_border_radius=&#8221;none&#8221; column_link_target=&#8221;_self&#8221; gradient_direction=&#8221;left_to_right&#8221; overlay_strength=&#8221;0.3&#8243; width=&#8221;1\/2&#8243; tablet_width_inherit=&#8221;default&#8221; tablet_text_alignment=&#8221;default&#8221; phone_text_alignment=&#8221;default&#8221; bg_image_animation=&#8221;none&#8221; border_type=&#8221;simple&#8221; column_border_width=&#8221;none&#8221; column_border_style=&#8221;solid&#8221; dp_animation=&#8221;&#8221;][vc_column_text dp_animation=&#8221;&#8221;][\/vc_column_text][\/vc_column][\/vc_row][vc_row type=&#8221;grid&#8221; full_screen_row_position=&#8221;middle&#8221; column_margin=&#8221;default&#8221; column_direction=&#8221;default&#8221; column_direction_tablet=&#8221;default&#8221; column_direction_phone=&#8221;default&#8221; scene_position=&#8221;center&#8221; text_color=&#8221;dark&#8221; text_align=&#8221;left&#8221; row_border_radius=&#8221;none&#8221; row_border_radius_applies=&#8221;bg&#8221; overlay_strength=&#8221;0.3&#8243; gradient_direction=&#8221;left_to_right&#8221; shape_divider_position=&#8221;bottom&#8221; bg_image_animation=&#8221;none&#8221; is_fss_bg=&#8221;no&#8221; css=&#8221;.vc_custom_1431154933423{padding-top: 90px !important;}&#8221;][vc_column column_padding=&#8221;no-extra-padding&#8221; column_padding_tablet=&#8221;inherit&#8221; column_padding_phone=&#8221;inherit&#8221; column_padding_position=&#8221;all&#8221; column_element_spacing=&#8221;default&#8221; background_color_opacity=&#8221;1&#8243; background_hover_color_opacity=&#8221;1&#8243; column_shadow=&#8221;none&#8221; column_border_radius=&#8221;none&#8221; column_link_target=&#8221;_self&#8221; gradient_direction=&#8221;left_to_right&#8221; overlay_strength=&#8221;0.3&#8243; width=&#8221;1\/2&#8243; tablet_width_inherit=&#8221;default&#8221; tablet_text_alignment=&#8221;default&#8221; phone_text_alignment=&#8221;default&#8221; bg_image_animation=&#8221;none&#8221; border_type=&#8221;simple&#8221; column_border_width=&#8221;none&#8221; column_border_style=&#8221;solid&#8221; dp_animation=&#8221;&#8221;][vc_column_text]<span style=\"font-weight: 300;\">Svake godine MRD rotira svoju stalnu postavku, kako bismo<\/span><span style=\"font-weight: 300;\"> predstavili dosad neizlo\u017eene pri\u010de i eksponate. <\/span><strong>Prva stalna postavka<\/strong> Muzeja ratnog djetinjstva otvorena je u januaru 2017. u Sarajevu.<\/p>\n<p>Ova izlo\u017eba prezentira <strong>43 li\u010dnih pri\u010da koje otkrivaju zna\u010denje i vrijednost izlo\u017eenih li\u010dnih predmeta<\/strong>.<\/p>\n<p>Svake godine izlo\u017ebu rotiramo kako bismo vremenom izlo\u017eili \u0161to ve\u0107i broj od nekoliko hiljada eksponata koji su u na\u0161oj kolekciji. Pri\u010de i eksponati za ovu postavku su odabrani tako da <strong>prika\u017eu razli\u010dite aspekte odrastanja obilje\u017eenog ratom pokazuju\u0107i tako kompleksnost ovog iskustva<\/strong>.<\/p>\n<p>Izlo\u017eba je fokusirana na iskustva osoba \u010dija je djetinjstva obilje\u017eio rat u BiH, ali ona tako\u0111er u jednoj sekciji predstavlja i nekoliko pri\u010da o djetinjstvima koja su obilje\u017eili drugi ratovi u svijetu, a koje su dio me\u0111unarodnih kolekcija MRD.<\/p>\n<p>Po izlasku iz izlo\u017ebenog prostora posjetitelji i posjetiteljice mogu koristiti <strong>prostor za refleksiju<\/strong> u kojem se nalaze i razli\u010diti naslovi bliski temi i vrijednostima Muzeja. Dje\u010diji kutak sadr\u017ei naslove za djecu, te materijale za kreativni izra\u017eaj, a crte\u017ei i poruke mira koje nam najmla\u0111i odlu\u010de pokloniti postaju dio vlastite male izlo\u017ebe.[\/vc_column_text][\/vc_column][vc_column column_padding=&#8221;no-extra-padding&#8221; column_padding_tablet=&#8221;inherit&#8221; column_padding_phone=&#8221;inherit&#8221; column_padding_position=&#8221;all&#8221; column_element_spacing=&#8221;default&#8221; background_color_opacity=&#8221;1&#8243; background_hover_color_opacity=&#8221;1&#8243; column_shadow=&#8221;none&#8221; column_border_radius=&#8221;none&#8221; column_link_target=&#8221;_self&#8221; gradient_direction=&#8221;left_to_right&#8221; overlay_strength=&#8221;0.3&#8243; width=&#8221;1\/2&#8243; tablet_width_inherit=&#8221;default&#8221; tablet_text_alignment=&#8221;default&#8221; phone_text_alignment=&#8221;default&#8221; bg_image_animation=&#8221;none&#8221; border_type=&#8221;simple&#8221; column_border_width=&#8221;none&#8221; column_border_style=&#8221;solid&#8221;][image_with_animation image_url=&#8221;4469&#8243; animation=&#8221;Fade In&#8221; hover_animation=&#8221;none&#8221; alignment=&#8221;&#8221; border_radius=&#8221;none&#8221; box_shadow=&#8221;none&#8221; image_loading=&#8221;default&#8221; max_width=&#8221;100%&#8221; max_width_mobile=&#8221;default&#8221;][vc_column_text]\n<h3><b>Plavi zec<\/b><\/h3>\n<p><span style=\"font-weight: 300;\">Brata se ne sje\u0107am. Bio je tek malo stariji od mene. Uzeli su ga iz maj\u010dinih ruku i ubili. Iza\u0161li smo iz ku\u0107e i nismo imali priliku da je zaklju\u010damo. \u017divjeli smo u izbjegli\u0161tvu. Plavi zeko je bio moja jedina radost. Svojom bojom i osmijehom uljep\u0161avao je tmurne dane. Sve igra\u010dke sam poklonila, samo sam njega sa\u010duvala.<\/span><\/p>\n<p><b><i>Meliha, 1991.<\/i><\/b>[\/vc_column_text][\/vc_column][\/vc_row][vc_row type=&#8221;in_container&#8221; full_screen_row_position=&#8221;middle&#8221; column_margin=&#8221;default&#8221; column_direction=&#8221;default&#8221; column_direction_tablet=&#8221;default&#8221; column_direction_phone=&#8221;default&#8221; scene_position=&#8221;center&#8221; text_color=&#8221;dark&#8221; text_align=&#8221;left&#8221; row_border_radius=&#8221;none&#8221; row_border_radius_applies=&#8221;bg&#8221; overlay_strength=&#8221;0.3&#8243; gradient_direction=&#8221;left_to_right&#8221; shape_divider_position=&#8221;bottom&#8221; bg_image_animation=&#8221;none&#8221;][vc_column column_padding=&#8221;no-extra-padding&#8221; column_padding_tablet=&#8221;inherit&#8221; column_padding_phone=&#8221;inherit&#8221; column_padding_position=&#8221;all&#8221; column_element_spacing=&#8221;default&#8221; background_color_opacity=&#8221;1&#8243; background_hover_color_opacity=&#8221;1&#8243; column_shadow=&#8221;none&#8221; column_border_radius=&#8221;none&#8221; column_link_target=&#8221;_self&#8221; gradient_direction=&#8221;left_to_right&#8221; overlay_strength=&#8221;0.3&#8243; width=&#8221;1\/1&#8243; tablet_width_inherit=&#8221;default&#8221; tablet_text_alignment=&#8221;default&#8221; phone_text_alignment=&#8221;default&#8221; bg_image_animation=&#8221;none&#8221; border_type=&#8221;simple&#8221; column_border_width=&#8221;none&#8221; column_border_style=&#8221;solid&#8221;][testimonial_slider style=&#8221;minimal&#8221; star_rating_color=&#8221;accent-color&#8221;][testimonial star_rating=&#8221;none&#8221; title=&#8221;Testimonial&#8221; id=&#8221;1728897706995-2&#8243; name=&#8221;Joanne H.&#8221; quote=&#8221;Apsolutno sjajna izlo\u017eba. U istoj ligi sa muzejom Anne Frank u Amsterdamu. Svaki va\u017eniji grad na svijetu bi trebao imati ne\u0161to ovako. Izuzetno va\u017eno.&#8220;&#8221; tab_id=&#8221;1728897706996-8&#8243;][testimonial star_rating=&#8221;none&#8221; title=&#8221;Testimonial&#8221; id=&#8221;1728897707020-3&#8243; name=&#8221;Amina&#8221; quote=&#8221;Od generacije poslije rata, ovo meni zna\u010di puno da vidim \u0161ta su djeca mojih godina pro\u0161la tokom rata. Gleda\u0161 \u017eivot druga\u010dije, i zahvali\u0161 se za sve. To su bile na\u0161e mame i tate.&#8221; tab_id=&#8221;1728897707020-1&#8243;][testimonial star_rating=&#8221;none&#8221; title=&#8221;Testimonial&#8221; id=&#8221;1728897707035-10&#8243; name=&#8221;Lowri L.&#8221; quote=&#8221;Izlo\u017eba me veoma potresla i iskreno mogu re\u0107i da je ovo jedan od najboljih muzeja koje sam posjetila. Voljela bih da mogu do\u0107i svake godine i vidjeti ostale eksponate i pri\u010de iz va\u0161e kolekcije. Veliko hvala va\u0161em ljubaznom osoblju&#8221; tab_id=&#8221;1728897707036-0&#8243;][testimonial star_rating=&#8221;none&#8221; title=&#8221;Testimonial&#8221; id=&#8221;1728897707051-6&#8243; name=&#8221;Viktoria R.&#8221; quote=&#8221;Ne mislim da mogu rije\u010dima objasniti \u0161ta \u0107ete iskusiti ovdje. Ideja je tako jednostavna i tako efektna. Pri\u010de ispri\u010dane direktno od strane ovih ljudi \u010dine da se osje\u0107ate kao da poznajete njih i njihove porodice. Neke pri\u010de su tu\u017ene, neke devastiraju\u0107e, ali neke su smije\u0161ne i vesele. Mo\u017eda \u0107ete pustiti suzu na kraju. \u0160ta god trenutno radite, ostavite to, i idite u ovaj Muzej.&#8221; tab_id=&#8221;1728897707052-0&#8243;][\/testimonial_slider][\/vc_column][\/vc_row][vc_row type=&#8221;in_container&#8221; full_screen_row_position=&#8221;middle&#8221; column_margin=&#8221;default&#8221; column_direction=&#8221;default&#8221; column_direction_tablet=&#8221;default&#8221; column_direction_phone=&#8221;default&#8221; scene_position=&#8221;center&#8221; text_color=&#8221;dark&#8221; text_align=&#8221;left&#8221; row_border_radius=&#8221;none&#8221; row_border_radius_applies=&#8221;bg&#8221; overlay_strength=&#8221;0.3&#8243; gradient_direction=&#8221;left_to_right&#8221; shape_divider_position=&#8221;bottom&#8221; bg_image_animation=&#8221;none&#8221;][vc_column column_padding=&#8221;no-extra-padding&#8221; column_padding_tablet=&#8221;inherit&#8221; column_padding_phone=&#8221;inherit&#8221; column_padding_position=&#8221;all&#8221; column_element_spacing=&#8221;default&#8221; background_color_opacity=&#8221;1&#8243; background_hover_color_opacity=&#8221;1&#8243; column_shadow=&#8221;none&#8221; column_border_radius=&#8221;none&#8221; column_link_target=&#8221;_self&#8221; gradient_direction=&#8221;left_to_right&#8221; overlay_strength=&#8221;0.3&#8243; width=&#8221;1\/1&#8243; tablet_width_inherit=&#8221;default&#8221; tablet_text_alignment=&#8221;default&#8221; phone_text_alignment=&#8221;default&#8221; bg_image_animation=&#8221;none&#8221; border_type=&#8221;simple&#8221; column_border_width=&#8221;none&#8221; column_border_style=&#8221;solid&#8221;][vc_column_text]\n<h2><b>Rotacija stalne postavke MRD-a za 2024. godinu\u00a0<\/b><\/h2>\n<p><span style=\"font-weight: 300;\">Nova postavka na\u0161e stalne izlo\u017ebe ve\u0107inom je fokusirana na na\u0161u bosanskohercegova\u010dku kolekciju, ali u njoj posjetitelji i posjetiteljice mogu vidjeti pri\u010de i eksponate koje smo pa\u017eljivo odabrali iz na\u0161e me\u0111unarodne kolekcije.\u00a0<\/span><\/p>\n<blockquote><p><span style=\"font-weight: 300;\">Ove godine smo posebnu pa\u017enju posvetili iskustvima djece u Ukrajini i Palestini. Cilj nam je da istaknemo njihove glasove kako bismo pobudili empatiju za bezbrojnu djecu \u010dije li\u010dne pri\u010de zaslu\u017euju da budu ispri\u010dane.<\/span><\/p>\n<p><i><span style=\"font-weight: 300;\">Amina Krvavac, Direktorica Muzeja ratnog djetinjstva u BiH<\/span><\/i><\/p><\/blockquote>\n<p><span style=\"font-weight: 300;\">Pri\u010de u kolekciji MRD-a, u zavisnosti od toga o \u010demu govore, su <strong>razvrstane u 41 razli\u010ditu tematsku skupinu \u2013 klasifikaciju<\/strong>.\u00a0<\/span><\/p>\n<p><span style=\"font-weight: 300;\">S obzirom na to da pri\u010de nekad govore o vi\u0161e razli\u010ditih stvari, onda one, po metodologiji MRD-a, mogu imati <strong>primarnu, sekundarnu i tercijarnu klasifikaciju<\/strong>. <\/span><\/p>\n<p><span style=\"font-weight: 300;\"><strong>Primjeri tih klasifikacija su<\/strong>: Generalna opasnost, Skloni\u0161te, Gubitak voljene osobe, Izbjegli\u010dko iskustvo, Odje\u0107a, Igra i sl. Ove klasifikacije koristimo kako bismo bili sigurni da \u0107e svaka na\u0161a izlo\u017eba posjetiocima prikazati vi\u0161eslojnost iskustva odrastanja u ratu.<\/span>[\/vc_column_text][\/vc_column][\/vc_row][vc_row type=&#8221;grid&#8221; full_screen_row_position=&#8221;middle&#8221; column_margin=&#8221;default&#8221; column_direction=&#8221;default&#8221; column_direction_tablet=&#8221;default&#8221; column_direction_phone=&#8221;default&#8221; scene_position=&#8221;center&#8221; text_color=&#8221;dark&#8221; text_align=&#8221;left&#8221; row_border_radius=&#8221;none&#8221; row_border_radius_applies=&#8221;bg&#8221; overlay_strength=&#8221;0.3&#8243; gradient_direction=&#8221;left_to_right&#8221; shape_divider_position=&#8221;bottom&#8221; bg_image_animation=&#8221;none&#8221; is_fss_bg=&#8221;no&#8221;][vc_column column_padding=&#8221;no-extra-padding&#8221; column_padding_tablet=&#8221;inherit&#8221; column_padding_phone=&#8221;inherit&#8221; column_padding_position=&#8221;all&#8221; column_element_spacing=&#8221;default&#8221; background_color_opacity=&#8221;1&#8243; background_hover_color_opacity=&#8221;1&#8243; column_shadow=&#8221;none&#8221; column_border_radius=&#8221;none&#8221; column_link_target=&#8221;_self&#8221; gradient_direction=&#8221;left_to_right&#8221; overlay_strength=&#8221;0.3&#8243; width=&#8221;1\/1&#8243; tablet_width_inherit=&#8221;default&#8221; tablet_text_alignment=&#8221;default&#8221; phone_text_alignment=&#8221;default&#8221; bg_image_animation=&#8221;none&#8221; border_type=&#8221;simple&#8221; column_border_width=&#8221;none&#8221; column_border_style=&#8221;solid&#8221; dp_animation=&#8221;&#8221;][vc_gallery type=&#8221;flickity_style&#8221; images=&#8221;897,890,892,893,894,3948,895,896,3331&#8243; flickity_spacing=&#8221;default&#8221; flickity_controls=&#8221;next_prev_arrows_overlaid&#8221; flickity_overflow=&#8221;hidden&#8221; flickity_wrap_around=&#8221;wrap&#8221; flickity_desktop_columns=&#8221;1&#8243; flickity_small_desktop_columns=&#8221;1&#8243; flickity_tablet_columns=&#8221;1&#8243; flickity_box_shadow=&#8221;none&#8221; image_loading=&#8221;default&#8221; onclick=&#8221;link_no&#8221; navigation=&#8221;&#8221; img_size=&#8221;full&#8221;][\/vc_column][\/vc_row][vc_row type=&#8221;in_container&#8221; full_screen_row_position=&#8221;middle&#8221; column_margin=&#8221;default&#8221; column_direction=&#8221;default&#8221; column_direction_tablet=&#8221;default&#8221; column_direction_phone=&#8221;default&#8221; scene_position=&#8221;center&#8221; text_color=&#8221;dark&#8221; text_align=&#8221;left&#8221; row_border_radius=&#8221;none&#8221; row_border_radius_applies=&#8221;bg&#8221; overlay_strength=&#8221;0.3&#8243; gradient_direction=&#8221;left_to_right&#8221; shape_divider_position=&#8221;bottom&#8221; bg_image_animation=&#8221;none&#8221;][vc_column column_padding=&#8221;no-extra-padding&#8221; column_padding_tablet=&#8221;inherit&#8221; column_padding_phone=&#8221;inherit&#8221; column_padding_position=&#8221;all&#8221; column_element_spacing=&#8221;default&#8221; background_color_opacity=&#8221;1&#8243; background_hover_color_opacity=&#8221;1&#8243; column_shadow=&#8221;none&#8221; column_border_radius=&#8221;none&#8221; column_link_target=&#8221;_self&#8221; gradient_direction=&#8221;left_to_right&#8221; overlay_strength=&#8221;0.3&#8243; width=&#8221;1\/2&#8243; tablet_width_inherit=&#8221;default&#8221; tablet_text_alignment=&#8221;default&#8221; phone_text_alignment=&#8221;default&#8221; bg_image_animation=&#8221;none&#8221; border_type=&#8221;simple&#8221; column_border_width=&#8221;none&#8221; column_border_style=&#8221;solid&#8221;][vc_column_text]\n<h2><b>Interaktivna instalacija\u00a0<\/b><\/h2>\n<p><span style=\"font-weight: 300;\">Ove godine smo uspjeli unaprijediti i muzejsku opremu, te producirati dodatne sadr\u017eaje. Posjetite nas kako biste istra\u017eili na\u0161u novu interaktivnu instalaciju koja putem stimuliranja svih pet osjeta, kod posjetitelja evocira sje\u0107anja iz djetinjstva. Posjetite izlo\u017ebu i otkrijte:<\/span><\/p>\n<p><span style=\"font-weight: 300;\">Koji vas mirisi vra\u0107aju u djetinjstvo?<\/span><\/p>\n<p><span style=\"font-weight: 300;\">Koji vam zvukovi bude sje\u0107anja na djetinjstvo?<\/span><\/p>\n<p><span style=\"font-weight: 300;\">I jo\u0161 mnogo vi\u0161e.\u00a0<\/span>[\/vc_column_text][\/vc_column][vc_column column_padding=&#8221;no-extra-padding&#8221; column_padding_tablet=&#8221;inherit&#8221; column_padding_phone=&#8221;inherit&#8221; column_padding_position=&#8221;all&#8221; column_element_spacing=&#8221;default&#8221; background_color_opacity=&#8221;1&#8243; background_hover_color_opacity=&#8221;1&#8243; column_shadow=&#8221;none&#8221; column_border_radius=&#8221;none&#8221; column_link_target=&#8221;_self&#8221; gradient_direction=&#8221;left_to_right&#8221; overlay_strength=&#8221;0.3&#8243; width=&#8221;1\/2&#8243; tablet_width_inherit=&#8221;default&#8221; tablet_text_alignment=&#8221;default&#8221; phone_text_alignment=&#8221;default&#8221; bg_image_animation=&#8221;none&#8221; border_type=&#8221;simple&#8221; column_border_width=&#8221;none&#8221; column_border_style=&#8221;solid&#8221;][image_with_animation image_url=&#8221;4317&#8243; animation=&#8221;None&#8221; hover_animation=&#8221;none&#8221; alignment=&#8221;&#8221; border_radius=&#8221;none&#8221; box_shadow=&#8221;none&#8221; image_loading=&#8221;default&#8221; max_width=&#8221;100%&#8221; max_width_mobile=&#8221;default&#8221;][\/vc_column][\/vc_row][vc_row type=&#8221;in_container&#8221; full_screen_row_position=&#8221;middle&#8221; column_margin=&#8221;default&#8221; column_direction=&#8221;default&#8221; column_direction_tablet=&#8221;default&#8221; column_direction_phone=&#8221;default&#8221; scene_position=&#8221;center&#8221; text_color=&#8221;dark&#8221; text_align=&#8221;left&#8221; row_border_radius=&#8221;none&#8221; row_border_radius_applies=&#8221;bg&#8221; overlay_strength=&#8221;0.3&#8243; gradient_direction=&#8221;left_to_right&#8221; shape_divider_position=&#8221;bottom&#8221; bg_image_animation=&#8221;none&#8221;][vc_column column_padding=&#8221;no-extra-padding&#8221; column_padding_tablet=&#8221;inherit&#8221; column_padding_phone=&#8221;inherit&#8221; column_padding_position=&#8221;all&#8221; column_element_spacing=&#8221;default&#8221; background_color_opacity=&#8221;1&#8243; background_hover_color_opacity=&#8221;1&#8243; column_shadow=&#8221;none&#8221; column_border_radius=&#8221;none&#8221; column_link_target=&#8221;_self&#8221; gradient_direction=&#8221;left_to_right&#8221; overlay_strength=&#8221;0.3&#8243; width=&#8221;1\/1&#8243; tablet_width_inherit=&#8221;default&#8221; tablet_text_alignment=&#8221;default&#8221; phone_text_alignment=&#8221;default&#8221; bg_image_animation=&#8221;none&#8221; border_type=&#8221;simple&#8221; column_border_width=&#8221;none&#8221; column_border_style=&#8221;solid&#8221;][vc_column_text]\n<h2><b>Posjeta na\u0161oj stalnoj postavci<\/b><\/h2>\n<p><span style=\"font-weight: 300;\">Muzej ratnog djetinjstva se nalazi u Sarajevu, u ulici Logavina na broju 32.<\/span><\/p>\n<p><span style=\"font-weight: 300;\">Muzej je otvoren svakog dana od 11:00 do 19:00. <a href=\"https:\/\/warchildhood.org\/ba\/informacije-za-posjetioce\/\">Sve informacije o posjeti mo\u017eete prona\u0107i ovdje.\u00a0<\/a><\/span><\/p>\n<p><span style=\"font-weight: 300;\">Ukoliko imate pitanje o na\u0161oj stalnoj postavci, molim vas da nas kontaktirate putem emaila: <\/span><a href=\"mailto:visit@warchildhood.org\"><span style=\"font-weight: 300;\">visit@warchildhood.org<\/span><\/a><span style=\"font-weight: 300;\"> ili na broj telefona: +387 (0)33 53 55 58 (od 10:30 do 19:00).<\/span>[\/vc_column_text][\/vc_column][\/vc_row]\n","protected":false},"excerpt":{"rendered":"<p>[vc_row type=&#8221;grid&#8221; full_screen_row_position=&#8221;middle&#8221; column_margin=&#8221;default&#8221; column_direction=&#8221;default&#8221; column_direction_tablet=&#8221;default&#8221; column_direction_phone=&#8221;default&#8221; scene_position=&#8221;center&#8221; text_color=&#8221;dark&#8221; text_align=&#8221;left&#8221; row_border_radius=&#8221;none&#8221; row_border_radius_applies=&#8221;bg&#8221; overlay_strength=&#8221;0.3&#8243; gradient_direction=&#8221;left_to_right&#8221; shape_divider_position=&#8221;bottom&#8221; bg_image_animation=&#8221;none&#8221; is_fss_bg=&#8221;no&#8221; full_width=&#8221;&#8221; parallax=&#8221;&#8221; parallax_image=&#8221;&#8221;][vc_column column_padding=&#8221;no-extra-padding&#8221; column_padding_tablet=&#8221;inherit&#8221; column_padding_phone=&#8221;inherit&#8221; column_padding_position=&#8221;all&#8221; column_element_spacing=&#8221;default&#8221; background_color_opacity=&#8221;1&#8243; background_hover_color_opacity=&#8221;1&#8243; column_shadow=&#8221;none&#8221; column_border_radius=&#8221;none&#8221; column_link_target=&#8221;_self&#8221;&#8230;<\/p>\n","protected":false},"author":1,"featured_media":0,"parent":0,"menu_order":0,"comment_status":"closed","ping_status":"closed","template":"","meta":{"give_campaign_id":0,"_seopress_robots_primary_cat":"","_seopress_titles_title":"","_seopress_titles_desc":"","_seopress_robots_index":"","footnotes":""},"class_list":["post-117","page","type-page","status-publish"],"campaignId":"","_links":{"self":[{"href":"https:\/\/warchildhood.org\/ba\/wp-json\/wp\/v2\/pages\/117","targetHints":{"allow":["GET"]}}],"collection":[{"href":"https:\/\/warchildhood.org\/ba\/wp-json\/wp\/v2\/pages"}],"about":[{"href":"https:\/\/warchildhood.org\/ba\/wp-json\/wp\/v2\/types\/page"}],"author":[{"embeddable":true,"href":"https:\/\/warchildhood.org\/ba\/wp-json\/wp\/v2\/users\/1"}],"replies":[{"embeddable":true,"href":"https:\/\/warchildhood.org\/ba\/wp-json\/wp\/v2\/comments?post=117"}],"version-history":[{"count":16,"href":"https:\/\/warchildhood.org\/ba\/wp-json\/wp\/v2\/pages\/117\/revisions"}],"predecessor-version":[{"id":5607,"href":"https:\/\/warchildhood.org\/ba\/wp-json\/wp\/v2\/pages\/117\/revisions\/5607"}],"wp:attachment":[{"href":"https:\/\/warchildhood.org\/ba\/wp-json\/wp\/v2\/media?parent=117"}],"curies":[{"name":"wp","href":"https:\/\/api.w.org\/{rel}","templated":true}]}}