{"id":207,"date":"2015-07-15T12:18:09","date_gmt":"2015-07-15T12:18:09","guid":{"rendered":"https:\/\/ba.warchildhood.org\/?page_id=141"},"modified":"2025-06-18T12:52:43","modified_gmt":"2025-06-18T10:52:43","slug":"istrazivacka-metodologija","status":"publish","type":"page","link":"https:\/\/warchildhood.org\/ba\/istrazivacka-metodologija\/","title":{"rendered":"Istra\u017eivacka metodologija"},"content":{"rendered":"[vc_row type=&#8221;grid&#8221; full_screen_row_position=&#8221;middle&#8221; column_margin=&#8221;default&#8221; column_direction=&#8221;default&#8221; column_direction_tablet=&#8221;default&#8221; column_direction_phone=&#8221;default&#8221; scene_position=&#8221;center&#8221; text_color=&#8221;dark&#8221; text_align=&#8221;left&#8221; row_border_radius=&#8221;none&#8221; row_border_radius_applies=&#8221;bg&#8221; overlay_strength=&#8221;0.3&#8243; gradient_direction=&#8221;left_to_right&#8221; shape_divider_position=&#8221;bottom&#8221; bg_image_animation=&#8221;none&#8221; is_fss_bg=&#8221;no&#8221; css=&#8221;.vc_custom_1431154933423{padding-top: 90px !important;}&#8221;][vc_column column_padding=&#8221;no-extra-padding&#8221; column_padding_tablet=&#8221;inherit&#8221; column_padding_phone=&#8221;inherit&#8221; column_padding_position=&#8221;all&#8221; column_element_spacing=&#8221;default&#8221; background_color_opacity=&#8221;1&#8243; background_hover_color_opacity=&#8221;1&#8243; column_shadow=&#8221;none&#8221; column_border_radius=&#8221;none&#8221; column_link_target=&#8221;_self&#8221; gradient_direction=&#8221;left_to_right&#8221; overlay_strength=&#8221;0.3&#8243; width=&#8221;2\/3&#8243; tablet_width_inherit=&#8221;default&#8221; tablet_text_alignment=&#8221;default&#8221; phone_text_alignment=&#8221;default&#8221; bg_image_animation=&#8221;none&#8221; border_type=&#8221;simple&#8221; column_border_width=&#8221;none&#8221; column_border_style=&#8221;solid&#8221; dp_animation=&#8221;&#8221;][divider line_type=&#8221;No Line&#8221; custom_height=&#8221;30&#8243;][vc_column_text]S obzirom da Muzej ratnog djetinjstva ne predstavlja samo kolekciju li\u010dnih predmeta, dokumenata, fotografija, pisama i drugih uspomena na iskustvo odrastanja u ratu, ve\u0107 sadr\u017ei i arhiv audio\u00a0i video svjedo\u010denja ljudi koji su bili djeca i adolescenti tokom rata u Bosni i Hercegovini, metodologija dokumentaristi\u010dkog istra\u017eivanja je dvojaka i podrazumijeva kako smjernice za prikupljanje i katalogizaciju predmeta, tako i vodi\u010d za vo\u0111enje intervjua (snimanje svjedo\u010denja).<\/p>\n<p>Muzej ratnog djetinjstva obezbje\u0111uje platformu za <strong>suo\u010davanje sa pro\u0161lo\u0161\u0107u<\/strong> na li\u010dnom nivou. Jedino ispri\u010dana i podijeljena li\u010dna pro\u017eivljena iskustva mogu omogu\u0107iti bolje razumijevanje alternativnih narativa i dovesti do zna\u010dajnijih promjena u dru\u0161tvu i <strong>odr\u017eivog pomirenja.<\/strong><\/p>\n<h2>U\u010desnici<\/h2>\n<p>Muzej ratnog djetinjstva omogu\u0107uje da se \u010duje glas <strong>svih<\/strong> <strong>osoba<\/strong> koje su bili djeca ili adolescenti tokom rata u Bosni i Hercegovini, bez obzira na geografsko podru\u010dje iz kojeg dolaze, njihovu etni\u010dku ili religijsku pripadnost, ili nivo obrazovanja. Svaki sada\u0161nji i biv\u0161i stanovnik Bosne i Hercegovine koji je bio dijete ili adolescent tokom rata i koji \u017eeli da <strong>umuzeji<\/strong> svoj predmet ili uspomenu i\/ili da ispri\u010da svoju \u017eivotnu pri\u010du o odrastanju u ratu, mo\u017ee da u\u010destvuje u stvaranju muzejske kolekcije. Prijava se vr\u0161i putem web-stranice Muzeja, po\u0161tuju\u0107i proceduru za registraciju \u010diji su detalji obja\u0161njeni na istoj. S obzirom da se dob kada dijete po\u010dinje pohranjivati trajna sje\u0107anja individualno razlikuje, ali se, prema trenutnim psiholo\u0161kim saznanjima, obi\u010dno uzima da je to tre\u0107i ili \u010detvrti ro\u0111endan (mada se djeca mogu sje\u0107ati traumati\u010dnih doga\u0111aja i u mla\u0111oj dobi), tim Muzeja je postigao konsenzus da u prikupljanju audio\u00a0i\u00a0video svjedo\u010denja mogu u\u010destvovati one osobe koje su ro\u0111ene prije decembra 1991. godine. Kao gornja granica za u\u010de\u0161\u0107e se uzima punoljetstvo, tako da samo osobe ro\u0111ene poslije januara 1974. godine mogu <strong>umuzejiti<\/strong> svoj predmet ili dati svjedo\u010denje.<\/p>\n<p><strong>Pogledajte i:<\/strong><\/p>\n<p><a href=\"https:\/\/warchildhood.org\/ba\/prikupljanje-dokumentacija\/\">Prikupljanje i katalogizacija<\/a><\/p>\n<p><a href=\"https:\/\/warchildhood.org\/ba\/proces-intervjuisanja\/\">Proces intervjuisanja<\/a>[\/vc_column_text][\/vc_column][vc_column column_padding=&#8221;no-extra-padding&#8221; column_padding_tablet=&#8221;inherit&#8221; column_padding_phone=&#8221;inherit&#8221; column_padding_position=&#8221;all&#8221; column_element_spacing=&#8221;default&#8221; background_color_opacity=&#8221;1&#8243; background_hover_color_opacity=&#8221;1&#8243; column_shadow=&#8221;none&#8221; column_border_radius=&#8221;none&#8221; column_link_target=&#8221;_self&#8221; gradient_direction=&#8221;left_to_right&#8221; overlay_strength=&#8221;0.3&#8243; width=&#8221;1\/3&#8243; tablet_width_inherit=&#8221;default&#8221; tablet_text_alignment=&#8221;default&#8221; phone_text_alignment=&#8221;default&#8221; bg_image_animation=&#8221;none&#8221; border_type=&#8221;simple&#8221; column_border_width=&#8221;none&#8221; column_border_style=&#8221;solid&#8221; dp_animation=&#8221;&#8221;][divider line_type=&#8221;No Line&#8221;][vc_widget_sidebar sidebar_id=&#8221;page-sidebar&#8221;][\/vc_column][\/vc_row]\n","protected":false},"excerpt":{"rendered":"<p>[vc_row type=&#8221;grid&#8221; full_screen_row_position=&#8221;middle&#8221; column_margin=&#8221;default&#8221; column_direction=&#8221;default&#8221; column_direction_tablet=&#8221;default&#8221; column_direction_phone=&#8221;default&#8221; scene_position=&#8221;center&#8221; text_color=&#8221;dark&#8221; text_align=&#8221;left&#8221; row_border_radius=&#8221;none&#8221; row_border_radius_applies=&#8221;bg&#8221; overlay_strength=&#8221;0.3&#8243; gradient_direction=&#8221;left_to_right&#8221; shape_divider_position=&#8221;bottom&#8221; bg_image_animation=&#8221;none&#8221; is_fss_bg=&#8221;no&#8221; css=&#8221;.vc_custom_1431154933423{padding-top: 90px !important;}&#8221;][vc_column column_padding=&#8221;no-extra-padding&#8221; column_padding_tablet=&#8221;inherit&#8221; column_padding_phone=&#8221;inherit&#8221; column_padding_position=&#8221;all&#8221; column_element_spacing=&#8221;default&#8221; background_color_opacity=&#8221;1&#8243; background_hover_color_opacity=&#8221;1&#8243; column_shadow=&#8221;none&#8221; column_border_radius=&#8221;none&#8221; column_link_target=&#8221;_self&#8221;&#8230;<\/p>\n","protected":false},"author":1,"featured_media":0,"parent":0,"menu_order":0,"comment_status":"closed","ping_status":"closed","template":"","meta":{"give_campaign_id":0,"_seopress_robots_primary_cat":"","_seopress_titles_title":"","_seopress_titles_desc":"","_seopress_robots_index":"","footnotes":""},"class_list":["post-207","page","type-page","status-publish"],"campaignId":"","_links":{"self":[{"href":"https:\/\/warchildhood.org\/ba\/wp-json\/wp\/v2\/pages\/207","targetHints":{"allow":["GET"]}}],"collection":[{"href":"https:\/\/warchildhood.org\/ba\/wp-json\/wp\/v2\/pages"}],"about":[{"href":"https:\/\/warchildhood.org\/ba\/wp-json\/wp\/v2\/types\/page"}],"author":[{"embeddable":true,"href":"https:\/\/warchildhood.org\/ba\/wp-json\/wp\/v2\/users\/1"}],"replies":[{"embeddable":true,"href":"https:\/\/warchildhood.org\/ba\/wp-json\/wp\/v2\/comments?post=207"}],"version-history":[{"count":12,"href":"https:\/\/warchildhood.org\/ba\/wp-json\/wp\/v2\/pages\/207\/revisions"}],"predecessor-version":[{"id":5729,"href":"https:\/\/warchildhood.org\/ba\/wp-json\/wp\/v2\/pages\/207\/revisions\/5729"}],"wp:attachment":[{"href":"https:\/\/warchildhood.org\/ba\/wp-json\/wp\/v2\/media?parent=207"}],"curies":[{"name":"wp","href":"https:\/\/api.w.org\/{rel}","templated":true}]}}