{"id":210,"date":"2015-07-15T12:52:07","date_gmt":"2015-07-15T12:52:07","guid":{"rendered":"https:\/\/ba.warchildhood.org\/?page_id=157"},"modified":"2025-06-18T12:20:38","modified_gmt":"2025-06-18T10:20:38","slug":"partneri","status":"publish","type":"page","link":"https:\/\/warchildhood.org\/ba\/partneri\/","title":{"rendered":"Partneri"},"content":{"rendered":"[vc_row type=&#8221;in_container&#8221; full_screen_row_position=&#8221;middle&#8221; column_margin=&#8221;default&#8221; column_direction=&#8221;default&#8221; column_direction_tablet=&#8221;default&#8221; column_direction_phone=&#8221;default&#8221; scene_position=&#8221;center&#8221; text_color=&#8221;dark&#8221; text_align=&#8221;left&#8221; row_border_radius=&#8221;none&#8221; row_border_radius_applies=&#8221;bg&#8221; overlay_strength=&#8221;0.3&#8243; gradient_direction=&#8221;left_to_right&#8221; shape_divider_position=&#8221;bottom&#8221; bg_image_animation=&#8221;none&#8221;][vc_column column_padding=&#8221;no-extra-padding&#8221; column_padding_tablet=&#8221;inherit&#8221; column_padding_phone=&#8221;inherit&#8221; column_padding_position=&#8221;all&#8221; column_element_spacing=&#8221;default&#8221; background_color_opacity=&#8221;1&#8243; background_hover_color_opacity=&#8221;1&#8243; column_shadow=&#8221;none&#8221; column_border_radius=&#8221;none&#8221; column_link_target=&#8221;_self&#8221; gradient_direction=&#8221;left_to_right&#8221; overlay_strength=&#8221;0.3&#8243; width=&#8221;1\/1&#8243; tablet_width_inherit=&#8221;default&#8221; tablet_text_alignment=&#8221;default&#8221; phone_text_alignment=&#8221;default&#8221; bg_image_animation=&#8221;none&#8221; border_type=&#8221;simple&#8221; column_border_width=&#8221;none&#8221; column_border_style=&#8221;solid&#8221;][divider line_type=&#8221;No Line&#8221; custom_height=&#8221;30&#8243;][\/vc_column][\/vc_row][vc_row type=&#8221;grid&#8221; full_screen_row_position=&#8221;middle&#8221; column_margin=&#8221;default&#8221; column_direction=&#8221;default&#8221; column_direction_tablet=&#8221;default&#8221; column_direction_phone=&#8221;default&#8221; scene_position=&#8221;center&#8221; text_color=&#8221;dark&#8221; text_align=&#8221;left&#8221; row_border_radius=&#8221;none&#8221; row_border_radius_applies=&#8221;bg&#8221; overlay_strength=&#8221;0.3&#8243; gradient_direction=&#8221;left_to_right&#8221; shape_divider_position=&#8221;bottom&#8221; bg_image_animation=&#8221;none&#8221; is_fss_bg=&#8221;no&#8221; css=&#8221;.vc_custom_1431154933423{padding-top: 90px !important;}&#8221;][vc_column column_padding=&#8221;no-extra-padding&#8221; column_padding_tablet=&#8221;inherit&#8221; column_padding_phone=&#8221;inherit&#8221; column_padding_position=&#8221;all&#8221; column_element_spacing=&#8221;default&#8221; background_color_opacity=&#8221;1&#8243; background_hover_color_opacity=&#8221;1&#8243; column_shadow=&#8221;none&#8221; column_border_radius=&#8221;none&#8221; column_link_target=&#8221;_self&#8221; gradient_direction=&#8221;left_to_right&#8221; overlay_strength=&#8221;0.3&#8243; width=&#8221;2\/3&#8243; tablet_width_inherit=&#8221;default&#8221; tablet_text_alignment=&#8221;default&#8221; phone_text_alignment=&#8221;default&#8221; bg_image_animation=&#8221;none&#8221; border_type=&#8221;simple&#8221; column_border_width=&#8221;none&#8221; column_border_style=&#8221;solid&#8221; dp_animation=&#8221;&#8221;][vc_column_text]\n<h2><strong>Partneri Muzeja ratnog djetinjstva<\/strong><\/h2>\n<h3>2021-2015.<\/h3>\n<ul>\n<li><a href=\"https:\/\/www.un.org\/peacebuilding\/fund\" target=\"_blank\" rel=\"noopener\">The United Nations Peacebuilding Fund\u00a0<\/a><\/li>\n<li><a href=\"https:\/\/www.porticus.com\/\" target=\"_blank\" rel=\"noopener\">Porticus<\/a><\/li>\n<li><a href=\"https:\/\/www.ned.org\/\" target=\"_blank\" rel=\"noopener\">National Endowment for Democracy<\/a><\/li>\n<li>Evropska unija<\/li>\n<li><a href=\"https:\/\/www.propeace.de\/en\">Pro Peace<\/a><\/li>\n<li><a href=\"https:\/\/www.sigrid-rausing-trust.org\/\" target=\"_blank\" rel=\"noopener\">Sigrid Rausing Trust<\/a><\/li>\n<li><a href=\"https:\/\/www.rbf.org\/\" target=\"_blank\" rel=\"noopener\">Rockefeller Brothers Fund<\/a><\/li>\n<li><a href=\"https:\/\/peaceofmind-foundation.org\/\" target=\"_blank\" rel=\"noopener\">Peace of Mind Foundation<\/a><\/li>\n<li>\u00a0Ambasada Republike Italije u BiH<\/li>\n<li>\u00a0Francuska ambasada u BiH<\/li>\n<li><span style=\"font-weight: 400;\">Ambasada Republike Slova\u010dke u Sarajevu<\/span><\/li>\n<li><a href=\"https:\/\/newevent.ba\/en\/\">NewEvent<\/a><\/li>\n<\/ul>\n<p>&nbsp;<\/p>\n<p><strong>Ukoliko ste pojedinac ili organizacija koja:<\/strong><\/p>\n<ul>\n<li style=\"font-weight: 400;\" aria-level=\"1\"><span style=\"font-weight: 400;\">\u017eeli doprinijeti na\u0161em radu<\/span><\/li>\n<li style=\"font-weight: 400;\" aria-level=\"1\"><span style=\"font-weight: 400;\">koristi na\u0161e materijale pri realizaciji svojih aktivnosti<\/span><\/li>\n<li style=\"font-weight: 400;\" aria-level=\"1\"><span style=\"font-weight: 400;\">mo\u017ee pru\u017eiti podr\u0161ku u vidu financijskih i drugih resursa<\/span><\/li>\n<li style=\"font-weight: 400;\" aria-level=\"1\"><span style=\"font-weight: 400;\">mo\u017ee promovisati rad Muzeja ratnog djetinjstva na me\u0111unarodnoj sceni<\/span><\/li>\n<\/ul>\n<p><strong>Pozivamo vas da nas kontaktirate na: <a href=\"mailto:info@warchildhood.org\">info@warchildhood.org.<\/a><\/strong>[\/vc_column_text][\/vc_column][vc_column column_padding=&#8221;no-extra-padding&#8221; column_padding_tablet=&#8221;inherit&#8221; column_padding_phone=&#8221;inherit&#8221; column_padding_position=&#8221;all&#8221; column_element_spacing=&#8221;default&#8221; background_color_opacity=&#8221;1&#8243; background_hover_color_opacity=&#8221;1&#8243; column_shadow=&#8221;none&#8221; column_border_radius=&#8221;none&#8221; column_link_target=&#8221;_self&#8221; gradient_direction=&#8221;left_to_right&#8221; overlay_strength=&#8221;0.3&#8243; width=&#8221;1\/3&#8243; tablet_width_inherit=&#8221;default&#8221; tablet_text_alignment=&#8221;default&#8221; phone_text_alignment=&#8221;default&#8221; bg_image_animation=&#8221;none&#8221; border_type=&#8221;simple&#8221; column_border_width=&#8221;none&#8221; column_border_style=&#8221;solid&#8221; dp_animation=&#8221;&#8221;][vc_widget_sidebar sidebar_id=&#8221;page-sidebar&#8221;][\/vc_column][\/vc_row][vc_row type=&#8221;in_container&#8221; full_screen_row_position=&#8221;middle&#8221; column_margin=&#8221;default&#8221; column_direction=&#8221;default&#8221; column_direction_tablet=&#8221;default&#8221; column_direction_phone=&#8221;default&#8221; bg_color=&#8221;#efefef&#8221; video_bg=&#8221;use_video&#8221; video_mp4=&#8221;https:\/\/warchildhood.org\/ba\/wp-content\/uploads\/2021\/06\/Background-video-web1.mp4&#8243; scene_position=&#8221;center&#8221; text_color=&#8221;dark&#8221; text_align=&#8221;left&#8221; row_border_radius=&#8221;none&#8221; row_border_radius_applies=&#8221;bg&#8221; overlay_strength=&#8221;0.3&#8243; gradient_direction=&#8221;left_to_right&#8221; shape_divider_position=&#8221;bottom&#8221; bg_image_animation=&#8221;none&#8221; is_fss_bg=&#8221;no&#8221; css=&#8221;.vc_custom_1599157178019{margin-top: 0px !important;}&#8221; shape_type=&#8221;&#8221;][vc_column column_padding=&#8221;padding-10-percent&#8221; column_padding_tablet=&#8221;inherit&#8221; column_padding_phone=&#8221;inherit&#8221; column_padding_position=&#8221;all&#8221; column_element_spacing=&#8221;default&#8221; centered_text=&#8221;true&#8221; background_color_opacity=&#8221;1&#8243; background_hover_color_opacity=&#8221;1&#8243; column_shadow=&#8221;none&#8221; column_border_radius=&#8221;none&#8221; column_link_target=&#8221;_self&#8221; gradient_direction=&#8221;left_to_right&#8221; overlay_strength=&#8221;0.3&#8243; width=&#8221;1\/1&#8243; tablet_width_inherit=&#8221;default&#8221; tablet_text_alignment=&#8221;default&#8221; phone_text_alignment=&#8221;default&#8221; bg_image_animation=&#8221;none&#8221; border_type=&#8221;simple&#8221; column_border_width=&#8221;none&#8221; column_border_style=&#8221;solid&#8221; dp_animation=&#8221;&#8221;][nectar_btn size=&#8221;jumbo&#8221; button_style=&#8221;regular&#8221; button_color_2=&#8221;Accent-Color&#8221; icon_family=&#8221;fontawesome&#8221; text=&#8221;Donate to the WCM&#8221; url=&#8221;https:\/\/warchildhood.org\/ba\/donate&#8221; icon_fontawesome=&#8221;fa fa-heart&#8221;][vc_column_text css=&#8221;.vc_custom_1626083639643{padding-top: 20px !important;padding-right: 20px !important;padding-bottom: 20px !important;padding-left: 20px !important;background-color: rgba(239,239,239,0.67) !important;*background-color: rgb(239,239,239) !important;border-radius: 10px !important;}&#8221;]\n<header class=\"vc_cta3-content-header\">\n<h4>Podr\u017eite rad Muzeja ratnog djetinjstva<\/h4>\n<\/header>\n<p>Muzej ratnog djetinjstva neovisan je i neprofitan muzej koji ne finansira dr\u017eava. Pored institucionalnih donatora i partnera, Muzej od svojih po\u010detaka dobija podr\u0161ku od posve\u0107enih pojedinaca i prijatelja.<\/p>\n<p>Podr\u017eite nas i vi i postanite prijatelj MRD-a.[\/vc_column_text][\/vc_column][\/vc_row]\n","protected":false},"excerpt":{"rendered":"<p>[vc_row type=&#8221;in_container&#8221; full_screen_row_position=&#8221;middle&#8221; column_margin=&#8221;default&#8221; column_direction=&#8221;default&#8221; column_direction_tablet=&#8221;default&#8221; column_direction_phone=&#8221;default&#8221; scene_position=&#8221;center&#8221; text_color=&#8221;dark&#8221; text_align=&#8221;left&#8221; row_border_radius=&#8221;none&#8221; row_border_radius_applies=&#8221;bg&#8221; overlay_strength=&#8221;0.3&#8243; gradient_direction=&#8221;left_to_right&#8221; shape_divider_position=&#8221;bottom&#8221; bg_image_animation=&#8221;none&#8221;][vc_column column_padding=&#8221;no-extra-padding&#8221; column_padding_tablet=&#8221;inherit&#8221; column_padding_phone=&#8221;inherit&#8221; column_padding_position=&#8221;all&#8221; column_element_spacing=&#8221;default&#8221; background_color_opacity=&#8221;1&#8243; background_hover_color_opacity=&#8221;1&#8243; column_shadow=&#8221;none&#8221; column_border_radius=&#8221;none&#8221; column_link_target=&#8221;_self&#8221; gradient_direction=&#8221;left_to_right&#8221; overlay_strength=&#8221;0.3&#8243; width=&#8221;1\/1&#8243; tablet_width_inherit=&#8221;default&#8221;&#8230;<\/p>\n","protected":false},"author":1,"featured_media":0,"parent":0,"menu_order":0,"comment_status":"closed","ping_status":"closed","template":"","meta":{"give_campaign_id":0,"_seopress_robots_primary_cat":"","_seopress_titles_title":"Partneri i prijatelji Muzeja - Muzej ratnog djetinjstva","_seopress_titles_desc":"Pregled partnera, donatora i prijatelja Muzeja ratnog djetinjstva.","_seopress_robots_index":"","footnotes":""},"class_list":["post-210","page","type-page","status-publish"],"campaignId":"","_links":{"self":[{"href":"https:\/\/warchildhood.org\/ba\/wp-json\/wp\/v2\/pages\/210","targetHints":{"allow":["GET"]}}],"collection":[{"href":"https:\/\/warchildhood.org\/ba\/wp-json\/wp\/v2\/pages"}],"about":[{"href":"https:\/\/warchildhood.org\/ba\/wp-json\/wp\/v2\/types\/page"}],"author":[{"embeddable":true,"href":"https:\/\/warchildhood.org\/ba\/wp-json\/wp\/v2\/users\/1"}],"replies":[{"embeddable":true,"href":"https:\/\/warchildhood.org\/ba\/wp-json\/wp\/v2\/comments?post=210"}],"version-history":[{"count":13,"href":"https:\/\/warchildhood.org\/ba\/wp-json\/wp\/v2\/pages\/210\/revisions"}],"predecessor-version":[{"id":5726,"href":"https:\/\/warchildhood.org\/ba\/wp-json\/wp\/v2\/pages\/210\/revisions\/5726"}],"wp:attachment":[{"href":"https:\/\/warchildhood.org\/ba\/wp-json\/wp\/v2\/media?parent=210"}],"curies":[{"name":"wp","href":"https:\/\/api.w.org\/{rel}","templated":true}]}}