{"id":590,"date":"2017-12-09T20:28:20","date_gmt":"2017-12-09T20:28:20","guid":{"rendered":"https:\/\/ba.warchildhood.org\/?page_id=590"},"modified":"2023-04-16T18:23:29","modified_gmt":"2023-04-16T16:23:29","slug":"muzejska-nagrada-evrope-2018","status":"publish","type":"page","link":"https:\/\/warchildhood.org\/ba\/muzejska-nagrada-evrope-2018\/","title":{"rendered":"Muzejska nagrada Vije\u0107a Evrope 2018."},"content":{"rendered":"[vc_row type=&#8221;grid&#8221; full_screen_row_position=&#8221;middle&#8221; column_margin=&#8221;default&#8221; column_direction=&#8221;default&#8221; column_direction_tablet=&#8221;default&#8221; column_direction_phone=&#8221;default&#8221; scene_position=&#8221;center&#8221; text_color=&#8221;dark&#8221; text_align=&#8221;left&#8221; row_border_radius=&#8221;none&#8221; row_border_radius_applies=&#8221;bg&#8221; overlay_strength=&#8221;0.3&#8243; gradient_direction=&#8221;left_to_right&#8221; shape_divider_position=&#8221;bottom&#8221; bg_image_animation=&#8221;none&#8221; is_fss_bg=&#8221;no&#8221;][vc_column column_padding=&#8221;no-extra-padding&#8221; column_padding_tablet=&#8221;inherit&#8221; column_padding_phone=&#8221;inherit&#8221; column_padding_position=&#8221;all&#8221; column_element_spacing=&#8221;default&#8221; background_color_opacity=&#8221;1&#8243; background_hover_color_opacity=&#8221;1&#8243; column_shadow=&#8221;none&#8221; column_border_radius=&#8221;none&#8221; column_link_target=&#8221;_self&#8221; gradient_direction=&#8221;left_to_right&#8221; overlay_strength=&#8221;0.3&#8243; width=&#8221;1\/2&#8243; tablet_width_inherit=&#8221;default&#8221; tablet_text_alignment=&#8221;default&#8221; phone_text_alignment=&#8221;default&#8221; bg_image_animation=&#8221;none&#8221; border_type=&#8221;simple&#8221; column_border_width=&#8221;none&#8221; column_border_style=&#8221;solid&#8221; dp_animation=&#8221;&#8221;][vc_column_text dp_animation=&#8221;&#8221;][\/vc_column_text][\/vc_column][vc_column column_padding=&#8221;no-extra-padding&#8221; column_padding_tablet=&#8221;inherit&#8221; column_padding_phone=&#8221;inherit&#8221; column_padding_position=&#8221;all&#8221; column_element_spacing=&#8221;default&#8221; background_color_opacity=&#8221;1&#8243; background_hover_color_opacity=&#8221;1&#8243; column_shadow=&#8221;none&#8221; column_border_radius=&#8221;none&#8221; column_link_target=&#8221;_self&#8221; gradient_direction=&#8221;left_to_right&#8221; overlay_strength=&#8221;0.3&#8243; width=&#8221;1\/2&#8243; tablet_width_inherit=&#8221;default&#8221; tablet_text_alignment=&#8221;default&#8221; phone_text_alignment=&#8221;default&#8221; bg_image_animation=&#8221;none&#8221; border_type=&#8221;simple&#8221; column_border_width=&#8221;none&#8221; column_border_style=&#8221;solid&#8221; dp_animation=&#8221;&#8221;][vc_column_text dp_animation=&#8221;&#8221;][\/vc_column_text][\/vc_column][\/vc_row][vc_row type=&#8221;grid&#8221; full_screen_row_position=&#8221;middle&#8221; column_margin=&#8221;default&#8221; column_direction=&#8221;default&#8221; column_direction_tablet=&#8221;default&#8221; column_direction_phone=&#8221;default&#8221; scene_position=&#8221;center&#8221; text_color=&#8221;dark&#8221; text_align=&#8221;left&#8221; row_border_radius=&#8221;none&#8221; row_border_radius_applies=&#8221;bg&#8221; overlay_strength=&#8221;0.3&#8243; gradient_direction=&#8221;left_to_right&#8221; shape_divider_position=&#8221;bottom&#8221; bg_image_animation=&#8221;none&#8221; is_fss_bg=&#8221;no&#8221; css=&#8221;.vc_custom_1593950195542{padding-top: 90px !important;}&#8221;][vc_column column_padding=&#8221;no-extra-padding&#8221; column_padding_tablet=&#8221;inherit&#8221; column_padding_phone=&#8221;inherit&#8221; column_padding_position=&#8221;all&#8221; column_element_spacing=&#8221;default&#8221; background_color_opacity=&#8221;1&#8243; background_hover_color_opacity=&#8221;1&#8243; column_shadow=&#8221;none&#8221; column_border_radius=&#8221;none&#8221; column_link_target=&#8221;_self&#8221; gradient_direction=&#8221;left_to_right&#8221; overlay_strength=&#8221;0.3&#8243; width=&#8221;1\/2&#8243; tablet_width_inherit=&#8221;default&#8221; tablet_text_alignment=&#8221;default&#8221; phone_text_alignment=&#8221;default&#8221; bg_image_animation=&#8221;none&#8221; border_type=&#8221;simple&#8221; column_border_width=&#8221;none&#8221; column_border_style=&#8221;solid&#8221; dp_animation=&#8221;&#8221;][vc_column_text]<span style=\"font-weight: 400;\">Muzej ratnog djetinjstva dobitnik je <\/span><b>Muzejske nagrade Vije\u0107a Evrope za 2018. godinu<\/b><span style=\"font-weight: 400;\">, jedne od najpresti\u017enijih nagrada u muzejskom sektoru, koja se dodjeljuje pri izboru za <\/span><b>Evropski muzej godine<\/b><span style=\"font-weight: 400;\">.\u00a0<\/span><\/p>\n<p><span style=\"font-weight: 400;\">Nagrada se <\/span><b>od 1977. godine<\/b><span style=\"font-weight: 400;\"> dodjeljuje muzejima <\/span><b>koji su napravili izniman doprinos razumijevanju evropskog kulturnog naslije\u0111a<\/b><span style=\"font-weight: 400;\">, te <\/span><b>demonstrirali izvrsnost u svom pristupu muzejskom djelovanju<\/b><span style=\"font-weight: 400;\">.<\/span><\/p>\n<p><span style=\"font-weight: 400;\"><a href=\"https:\/\/pace.coe.int\/en\/news\/6891\">U obrazlo\u017eenju nagrade<\/a>, Vije\u0107e Evrope opisuje Muzej ratnog djetinjstva kao &#8220;<strong>istinski inspirativan primjer lokalne inicijative pokrenute i vo\u0111ene od strane karizmati\u010dne mlade osobe, Jasminka Halilovi\u0107a,<\/strong> koji je i sam bio dijete tokom \u010detverogodi\u0161nje opsade Sarajeva. Kao dio vlastitog procesa izlije\u010denja, 2010. godine je pokrenuo upitnik na internetu i prikupio preko 1.000 sje\u0107anja od isto toliko ljudi. Prvo ih je uredio u knjigu, a zatim su predstavljena i kroz Muzej. Kroz sna\u017ene li\u010dne pri\u010de i s njima povezane predmete, ovaj muzej <strong>zagovara mir, pomirenje i vrijednosti kulturnih raznolikosti.&#8221;<\/strong><\/span><\/p>\n<p><span style=\"font-weight: 400;\">\u201cMuzej ratnog djetinjstva, \u010diji je pristup namjerno apoliti\u010dan, ima za cilj premostiti postoje\u0107i jaz u dokumentovanju ratnih iskustava iz dje\u010dije perspektive, te pro\u0161iriti svoje istra\u017eiva\u010dko djelovanje \u0161irom Bosne i Hercegovine, me\u0111u dijasporom u inostranstvu, ali i globalno. \u017diri je posebno istakao istinski potencijal ovog muzeja da <\/span><b>slu\u017ei kao sna\u017ean samoodr\u017eivi model gra\u0111anske inicijative<\/b><span style=\"font-weight: 400;\">, te da se radi o <\/span><b>primjeru koji bi mogao biti repliciran i u drugim konfliktnim i postkonfliktnim zonama, ali i u dru\u0161tvima koja primaju izbjeglice<\/b>\u00a0<b>\u0161irom svijeta<\/b><span style=\"font-weight: 400;\">.\u201d<\/span><\/p>\n<p><span style=\"font-weight: 400;\">\u017diri izbora &#8220;Evropski muzej godine&#8221; \u010dine muzejski profesionalaci iz 13 evropskih zemalja, a koji su od 40 muzeja finalista iz 22 zemlje nagradili upravo Muzej ratnog djetinjstva. <\/span><\/p>\n<p><span style=\"font-weight: 400;\">Muzej ratnog djetinjstva dobio je bronzanu statuu &#8220;La femme aux beaux seins&#8221; Joana Miroa koju je zadr\u017eao godinu dana. Muzeju pobjedniku ova nagrada sve\u010dano je uru\u010dena u dva navrata: na manifestaciji Vije\u0107a Evrope u Strasbourgu u aprilu 2018. godine, a zatim i u maju 2018. godine na godi\u0161njoj manifestaciji Evropskog muzejskog foruma odr\u017eanoj u Warsawi.<\/span>[\/vc_column_text][\/vc_column][vc_column column_padding=&#8221;no-extra-padding&#8221; column_padding_tablet=&#8221;inherit&#8221; column_padding_phone=&#8221;inherit&#8221; column_padding_position=&#8221;all&#8221; column_element_spacing=&#8221;default&#8221; background_color_opacity=&#8221;1&#8243; background_hover_color_opacity=&#8221;1&#8243; column_shadow=&#8221;none&#8221; column_border_radius=&#8221;none&#8221; column_link_target=&#8221;_self&#8221; gradient_direction=&#8221;left_to_right&#8221; overlay_strength=&#8221;0.3&#8243; width=&#8221;1\/2&#8243; tablet_width_inherit=&#8221;default&#8221; tablet_text_alignment=&#8221;default&#8221; phone_text_alignment=&#8221;default&#8221; bg_image_animation=&#8221;none&#8221; border_type=&#8221;simple&#8221; column_border_width=&#8221;none&#8221; column_border_style=&#8221;solid&#8221; dp_animation=&#8221;&#8221;][vc_column_text dp_animation=&#8221;&#8221; css=&#8221;.vc_custom_1681662161750{margin-top: 40px !important;}&#8221;]<img decoding=\"async\" class=\"aligncenter wp-image-846\" src=\"https:\/\/warchildhood.org\/ba\/wp-content\/uploads\/2020\/07\/WCM_CoE.jpg\" alt=\"\" width=\"400\" height=\"400\" srcset=\"https:\/\/warchildhood.org\/ba\/wp-content\/uploads\/2020\/07\/WCM_CoE.jpg 1000w, https:\/\/warchildhood.org\/ba\/wp-content\/uploads\/2020\/07\/WCM_CoE-300x300.jpg 300w, https:\/\/warchildhood.org\/ba\/wp-content\/uploads\/2020\/07\/WCM_CoE-150x150.jpg 150w, https:\/\/warchildhood.org\/ba\/wp-content\/uploads\/2020\/07\/WCM_CoE-768x768.jpg 768w, https:\/\/warchildhood.org\/ba\/wp-content\/uploads\/2020\/07\/WCM_CoE-100x100.jpg 100w, https:\/\/warchildhood.org\/ba\/wp-content\/uploads\/2020\/07\/WCM_CoE-140x140.jpg 140w, https:\/\/warchildhood.org\/ba\/wp-content\/uploads\/2020\/07\/WCM_CoE-500x500.jpg 500w, https:\/\/warchildhood.org\/ba\/wp-content\/uploads\/2020\/07\/WCM_CoE-350x350.jpg 350w, https:\/\/warchildhood.org\/ba\/wp-content\/uploads\/2020\/07\/WCM_CoE-800x800.jpg 800w\" sizes=\"(max-width: 400px) 100vw, 400px\" \/>[\/vc_column_text][vc_gallery type=&#8221;nectarslider_style&#8221; images=&#8221;847,851,848,850,852,849&#8243; image_loading=&#8221;default&#8221; bullet_navigation_style=&#8221;see_through&#8221; onclick=&#8221;link_image&#8221; navigation=&#8221;&#8221; img_size=&#8221;900&#8243;][\/vc_column][\/vc_row][vc_row type=&#8221;grid&#8221; full_screen_row_position=&#8221;middle&#8221; column_margin=&#8221;default&#8221; column_direction=&#8221;default&#8221; column_direction_tablet=&#8221;default&#8221; column_direction_phone=&#8221;default&#8221; scene_position=&#8221;center&#8221; text_color=&#8221;dark&#8221; text_align=&#8221;left&#8221; row_border_radius=&#8221;none&#8221; row_border_radius_applies=&#8221;bg&#8221; overlay_strength=&#8221;0.3&#8243; gradient_direction=&#8221;left_to_right&#8221; shape_divider_position=&#8221;bottom&#8221; bg_image_animation=&#8221;none&#8221; is_fss_bg=&#8221;no&#8221;][vc_column column_padding=&#8221;no-extra-padding&#8221; column_padding_tablet=&#8221;inherit&#8221; column_padding_phone=&#8221;inherit&#8221; column_padding_position=&#8221;all&#8221; column_element_spacing=&#8221;default&#8221; centered_text=&#8221;true&#8221; background_color_opacity=&#8221;1&#8243; background_hover_color_opacity=&#8221;1&#8243; column_shadow=&#8221;none&#8221; column_border_radius=&#8221;none&#8221; column_link_target=&#8221;_self&#8221; gradient_direction=&#8221;left_to_right&#8221; overlay_strength=&#8221;0.3&#8243; width=&#8221;1\/1&#8243; tablet_width_inherit=&#8221;default&#8221; tablet_text_alignment=&#8221;default&#8221; phone_text_alignment=&#8221;default&#8221; bg_image_animation=&#8221;none&#8221; border_type=&#8221;simple&#8221; column_border_width=&#8221;none&#8221; column_border_style=&#8221;solid&#8221; dp_animation=&#8221;&#8221;][\/vc_column][\/vc_row]\n","protected":false},"excerpt":{"rendered":"<p>[vc_row type=&#8221;grid&#8221; full_screen_row_position=&#8221;middle&#8221; column_margin=&#8221;default&#8221; column_direction=&#8221;default&#8221; column_direction_tablet=&#8221;default&#8221; column_direction_phone=&#8221;default&#8221; scene_position=&#8221;center&#8221; text_color=&#8221;dark&#8221; text_align=&#8221;left&#8221; row_border_radius=&#8221;none&#8221; row_border_radius_applies=&#8221;bg&#8221; overlay_strength=&#8221;0.3&#8243; gradient_direction=&#8221;left_to_right&#8221; shape_divider_position=&#8221;bottom&#8221; bg_image_animation=&#8221;none&#8221; is_fss_bg=&#8221;no&#8221;][vc_column column_padding=&#8221;no-extra-padding&#8221; column_padding_tablet=&#8221;inherit&#8221; column_padding_phone=&#8221;inherit&#8221; column_padding_position=&#8221;all&#8221; column_element_spacing=&#8221;default&#8221; background_color_opacity=&#8221;1&#8243; background_hover_color_opacity=&#8221;1&#8243; column_shadow=&#8221;none&#8221; column_border_radius=&#8221;none&#8221; column_link_target=&#8221;_self&#8221; gradient_direction=&#8221;left_to_right&#8221; overlay_strength=&#8221;0.3&#8243; width=&#8221;1\/2&#8243;&#8230;<\/p>\n","protected":false},"author":1,"featured_media":0,"parent":0,"menu_order":0,"comment_status":"closed","ping_status":"closed","template":"","meta":{"give_campaign_id":0,"_seopress_robots_primary_cat":"","_seopress_titles_title":"Muzejska nagrada Vije\u0107a Evrope - Muzej ratnog djetinjstva","_seopress_titles_desc":"MRD je dobitnik Muzejske nagrade Vije\u0107a Evrope za 2018. godinu. U pitanju je jedna od najpresti\u017enijih nagrada u muzejskom sektoru, koja se dodjeljuje pri izboru za Evropski muzej godine. ","_seopress_robots_index":"","footnotes":""},"class_list":["post-590","page","type-page","status-publish"],"campaignId":"","_links":{"self":[{"href":"https:\/\/warchildhood.org\/ba\/wp-json\/wp\/v2\/pages\/590","targetHints":{"allow":["GET"]}}],"collection":[{"href":"https:\/\/warchildhood.org\/ba\/wp-json\/wp\/v2\/pages"}],"about":[{"href":"https:\/\/warchildhood.org\/ba\/wp-json\/wp\/v2\/types\/page"}],"author":[{"embeddable":true,"href":"https:\/\/warchildhood.org\/ba\/wp-json\/wp\/v2\/users\/1"}],"replies":[{"embeddable":true,"href":"https:\/\/warchildhood.org\/ba\/wp-json\/wp\/v2\/comments?post=590"}],"version-history":[{"count":7,"href":"https:\/\/warchildhood.org\/ba\/wp-json\/wp\/v2\/pages\/590\/revisions"}],"predecessor-version":[{"id":3316,"href":"https:\/\/warchildhood.org\/ba\/wp-json\/wp\/v2\/pages\/590\/revisions\/3316"}],"wp:attachment":[{"href":"https:\/\/warchildhood.org\/ba\/wp-json\/wp\/v2\/media?parent=590"}],"curies":[{"name":"wp","href":"https:\/\/api.w.org\/{rel}","templated":true}]}}