{"id":69,"date":"2015-07-18T14:16:14","date_gmt":"2015-07-18T14:16:14","guid":{"rendered":"https:\/\/ba.warchildhood.org\/?page_id=69"},"modified":"2025-06-26T14:08:40","modified_gmt":"2025-06-26T12:08:40","slug":"knjiga-djetinjstvo-u-ratu","status":"publish","type":"page","link":"https:\/\/warchildhood.org\/ba\/knjiga-djetinjstvo-u-ratu\/","title":{"rendered":"Knjiga &#8216;Djetinjstvo u ratu&#8217;"},"content":{"rendered":"[vc_row type=&#8221;grid&#8221; full_screen_row_position=&#8221;middle&#8221; column_margin=&#8221;default&#8221; column_direction=&#8221;default&#8221; column_direction_tablet=&#8221;default&#8221; column_direction_phone=&#8221;default&#8221; scene_position=&#8221;center&#8221; text_color=&#8221;dark&#8221; text_align=&#8221;left&#8221; row_border_radius=&#8221;none&#8221; row_border_radius_applies=&#8221;bg&#8221; overlay_strength=&#8221;0.3&#8243; gradient_direction=&#8221;left_to_right&#8221; shape_divider_position=&#8221;bottom&#8221; bg_image_animation=&#8221;none&#8221; is_fss_bg=&#8221;no&#8221;][vc_column column_padding=&#8221;no-extra-padding&#8221; column_padding_tablet=&#8221;inherit&#8221; column_padding_phone=&#8221;inherit&#8221; column_padding_position=&#8221;all&#8221; column_element_spacing=&#8221;default&#8221; background_color_opacity=&#8221;1&#8243; background_hover_color_opacity=&#8221;1&#8243; column_shadow=&#8221;none&#8221; column_border_radius=&#8221;none&#8221; column_link_target=&#8221;_self&#8221; gradient_direction=&#8221;left_to_right&#8221; overlay_strength=&#8221;0.3&#8243; width=&#8221;1\/2&#8243; tablet_width_inherit=&#8221;default&#8221; tablet_text_alignment=&#8221;default&#8221; phone_text_alignment=&#8221;default&#8221; bg_image_animation=&#8221;none&#8221; border_type=&#8221;simple&#8221; column_border_width=&#8221;none&#8221; column_border_style=&#8221;solid&#8221; dp_animation=&#8221;&#8221;][vc_column_text dp_animation=&#8221;&#8221;][\/vc_column_text][\/vc_column][vc_column column_padding=&#8221;no-extra-padding&#8221; column_padding_tablet=&#8221;inherit&#8221; column_padding_phone=&#8221;inherit&#8221; column_padding_position=&#8221;all&#8221; column_element_spacing=&#8221;default&#8221; background_color_opacity=&#8221;1&#8243; background_hover_color_opacity=&#8221;1&#8243; column_shadow=&#8221;none&#8221; column_border_radius=&#8221;none&#8221; column_link_target=&#8221;_self&#8221; gradient_direction=&#8221;left_to_right&#8221; overlay_strength=&#8221;0.3&#8243; width=&#8221;1\/2&#8243; tablet_width_inherit=&#8221;default&#8221; tablet_text_alignment=&#8221;default&#8221; phone_text_alignment=&#8221;default&#8221; bg_image_animation=&#8221;none&#8221; border_type=&#8221;simple&#8221; column_border_width=&#8221;none&#8221; column_border_style=&#8221;solid&#8221; dp_animation=&#8221;&#8221;][vc_column_text dp_animation=&#8221;&#8221;][\/vc_column_text][\/vc_column][\/vc_row][vc_row type=&#8221;grid&#8221; full_screen_row_position=&#8221;middle&#8221; column_margin=&#8221;default&#8221; column_direction=&#8221;default&#8221; column_direction_tablet=&#8221;default&#8221; column_direction_phone=&#8221;default&#8221; scene_position=&#8221;center&#8221; text_color=&#8221;dark&#8221; text_align=&#8221;left&#8221; row_border_radius=&#8221;none&#8221; row_border_radius_applies=&#8221;bg&#8221; overlay_strength=&#8221;0.3&#8243; gradient_direction=&#8221;left_to_right&#8221; shape_divider_position=&#8221;bottom&#8221; bg_image_animation=&#8221;none&#8221; gap=&#8221;35&#8243; is_fss_bg=&#8221;no&#8221; css=&#8221;.vc_custom_1593943851880{padding-top: 90px !important;}&#8221;][vc_column column_padding=&#8221;no-extra-padding&#8221; column_padding_tablet=&#8221;inherit&#8221; column_padding_phone=&#8221;inherit&#8221; column_padding_position=&#8221;all&#8221; column_element_spacing=&#8221;default&#8221; background_color_opacity=&#8221;1&#8243; background_hover_color_opacity=&#8221;1&#8243; column_shadow=&#8221;none&#8221; column_border_radius=&#8221;none&#8221; column_link_target=&#8221;_self&#8221; gradient_direction=&#8221;left_to_right&#8221; overlay_strength=&#8221;0.3&#8243; width=&#8221;1\/2&#8243; tablet_width_inherit=&#8221;default&#8221; tablet_text_alignment=&#8221;default&#8221; phone_text_alignment=&#8221;default&#8221; bg_image_animation=&#8221;none&#8221; border_type=&#8221;simple&#8221; column_border_width=&#8221;none&#8221; column_border_style=&#8221;solid&#8221; dp_animation=&#8221;&#8221;][vc_column_text]Projekt \u2018Djetinjstvo u ratu\u2019 pokrenuo je 2010. godine\u00a0<a href=\"https:\/\/jasminkohalilovic.com\/\" target=\"_blank\" rel=\"noopener\"><strong>Jasminko Halilovi\u0107<\/strong><\/a>\u00a0pozvav\u0161i ljude da mu po\u0161alju svoje kratke odgovore na pitanje\u00a0<strong>\u2018\u0160ta je za tebe djetinjstvo u ratu?\u2019<\/strong>.\u00a0Nakon velikog odaziva, uslijedio je dvoipogodi\u0161nji uredni\u010dki rad na knjizi.<\/p>\n<p>Dugo o\u010dekivana knjiga \u2018Djetinjstvo u ratu\u2019 napokon je objavljena u januaru 2013. Nakon dvije i po godine rada na projektu postignut je kona\u010dni cilj \u2013\u00a0<strong>ilustrovana knjiga na 328 stranica donosi pri\u010du generacija odraslih u ratu.<\/strong><\/p>\n<p>Ovaj u javnosti \u0161iroko podr\u017eani projekt pa\u017enju je privukao unikatnim konceptom: istra\u017eiti i predstaviti iskustvo sarajevske djece mozaikom kratkih sje\u0107anja.\u00a0<strong>Preko 1.000 kratkih sje\u0107anja od isto toliko ljudi sa svih krajeva planete na\u0161lo je mjesto u ovoj knjizi.<\/strong><\/p>\n<p>Prvi dio knjige donosi uvodne tekstove o BiH, Sarajevu i autorovu ratnu pri\u010du. Drugi, glavni dio, donosi kratka sje\u0107anja preko 1.000 ljudi.\u00a0<strong>Tre\u0107e poglavlje knjige donosi du\u017ea sje\u0107anja i dokumente \u2013 dnevni\u010dke zapise, pisma, fotografije, uspomene\u2026<\/strong><\/p>\n<p>Knjiga \u201cDjetinjstvo u ratu\u201d predstavljena je u\u00a0<strong>BiH, Srbiji, Austriji, Belgiji, Poljskoj, Japanu, SAD-u<\/strong> i drugim zemljama. Prevedena je na engleski, poljski, njema\u010dki, francuski, italijanski i japanski jezik. Japansko izdanje knjige objavio je vode\u0107i japanski izdava\u010d Shueisha, a Asahi Shimbun uvrstio ju je me\u0111u &#8220;Tri knjige za pro\u010ditati iz 2015. godine&#8221;.[\/vc_column_text][\/vc_column][vc_column column_padding=&#8221;no-extra-padding&#8221; column_padding_tablet=&#8221;inherit&#8221; column_padding_phone=&#8221;inherit&#8221; column_padding_position=&#8221;all&#8221; column_element_spacing=&#8221;default&#8221; background_color_opacity=&#8221;1&#8243; background_hover_color_opacity=&#8221;1&#8243; column_shadow=&#8221;none&#8221; column_border_radius=&#8221;none&#8221; column_link_target=&#8221;_self&#8221; gradient_direction=&#8221;left_to_right&#8221; overlay_strength=&#8221;0.3&#8243; width=&#8221;1\/2&#8243; tablet_width_inherit=&#8221;default&#8221; tablet_text_alignment=&#8221;default&#8221; phone_text_alignment=&#8221;default&#8221; bg_image_animation=&#8221;none&#8221; border_type=&#8221;simple&#8221; column_border_width=&#8221;none&#8221; column_border_style=&#8221;solid&#8221; dp_animation=&#8221;&#8221;][vc_column_text dp_animation=&#8221;&#8221; css=&#8221;.vc_custom_1626010650634{margin-top: 0px !important;margin-right: 0px !important;}&#8221;]<img decoding=\"async\" class=\"alignnone size-full wp-image-418\" src=\"https:\/\/warchildhood.org\/ba\/wp-content\/uploads\/2017\/08\/knjigabs-Large.jpg\" alt=\"\" width=\"1080\" height=\"1080\" srcset=\"https:\/\/warchildhood.org\/ba\/wp-content\/uploads\/2017\/08\/knjigabs-Large.jpg 1080w, https:\/\/warchildhood.org\/ba\/wp-content\/uploads\/2017\/08\/knjigabs-Large-300x300.jpg 300w, https:\/\/warchildhood.org\/ba\/wp-content\/uploads\/2017\/08\/knjigabs-Large-1024x1024.jpg 1024w, https:\/\/warchildhood.org\/ba\/wp-content\/uploads\/2017\/08\/knjigabs-Large-150x150.jpg 150w, https:\/\/warchildhood.org\/ba\/wp-content\/uploads\/2017\/08\/knjigabs-Large-768x768.jpg 768w, https:\/\/warchildhood.org\/ba\/wp-content\/uploads\/2017\/08\/knjigabs-Large-100x100.jpg 100w, https:\/\/warchildhood.org\/ba\/wp-content\/uploads\/2017\/08\/knjigabs-Large-140x140.jpg 140w, https:\/\/warchildhood.org\/ba\/wp-content\/uploads\/2017\/08\/knjigabs-Large-500x500.jpg 500w, https:\/\/warchildhood.org\/ba\/wp-content\/uploads\/2017\/08\/knjigabs-Large-350x350.jpg 350w, https:\/\/warchildhood.org\/ba\/wp-content\/uploads\/2017\/08\/knjigabs-Large-1000x1000.jpg 1000w, https:\/\/warchildhood.org\/ba\/wp-content\/uploads\/2017\/08\/knjigabs-Large-800x800.jpg 800w\" sizes=\"(max-width: 1080px) 100vw, 1080px\" \/>[\/vc_column_text][\/vc_column][\/vc_row][vc_row type=&#8221;in_container&#8221; full_screen_row_position=&#8221;middle&#8221; column_margin=&#8221;default&#8221; column_direction=&#8221;default&#8221; column_direction_tablet=&#8221;default&#8221; column_direction_phone=&#8221;default&#8221; scene_position=&#8221;center&#8221; text_color=&#8221;dark&#8221; text_align=&#8221;left&#8221; row_border_radius=&#8221;none&#8221; row_border_radius_applies=&#8221;bg&#8221; overlay_strength=&#8221;0.3&#8243; gradient_direction=&#8221;left_to_right&#8221; shape_divider_position=&#8221;bottom&#8221; bg_image_animation=&#8221;none&#8221;][vc_column column_padding=&#8221;no-extra-padding&#8221; column_padding_tablet=&#8221;inherit&#8221; column_padding_phone=&#8221;inherit&#8221; column_padding_position=&#8221;all&#8221; column_element_spacing=&#8221;default&#8221; background_color_opacity=&#8221;1&#8243; background_hover_color_opacity=&#8221;1&#8243; column_shadow=&#8221;none&#8221; column_border_radius=&#8221;none&#8221; column_link_target=&#8221;_self&#8221; gradient_direction=&#8221;left_to_right&#8221; overlay_strength=&#8221;0.3&#8243; width=&#8221;1\/1&#8243; tablet_width_inherit=&#8221;default&#8221; tablet_text_alignment=&#8221;default&#8221; phone_text_alignment=&#8221;default&#8221; bg_image_animation=&#8221;none&#8221; border_type=&#8221;simple&#8221; column_border_width=&#8221;none&#8221; column_border_style=&#8221;solid&#8221;][testimonial_slider style=&#8221;default&#8221; star_rating_color=&#8221;accent-color&#8221;][testimonial star_rating=&#8221;none&#8221; title=&#8221;Testimonial&#8221; id=&#8221;1750939681213-10&#8243; name=&#8221;ZLATA FILIPOVIC&#8221; quote=&#8221;&#8220;Svjedo\u010denja, sje\u0107anja, crte\u017ei i fotografije prikupljene u knjizi &#8216;Djetinjstvo u ratu&#8217; vode nas u svijet koji nijedno dijete ne bi trebalo iskusiti. To je mjesto izgubljene nevinosti, tragedije i bola; ali ova je knjiga tako\u0111er i testament otpornosti, humoru, imaginaciji i igri, koji \u2013 i pored u\u017easa rata koji ih poku\u0161avaju zatomiti \u2013 jo\u0161 uvijek opstaju.&#8220;&#8221; subtitle=&#8221;Autorica, &#8216;Zlatin dnevnik'&#8221; tab_id=&#8221;1750939681214-0&#8243;][testimonial star_rating=&#8221;none&#8221; title=&#8221;Testimonial&#8221; id=&#8221;1750939681256-6&#8243; name=&#8221;DAN SHEEHAN&#8221; subtitle=&#8221;Urednik, Literary Hub&#8221; quote=&#8221;&#8220;Djetinjstvo u ratu je izvanredno djelo. U\u017easavaju\u0107e i osna\u017enuju\u0107e u jednakoj mjeri, ono je podsjetnik da, \u010dak i u najizazovnijim okolnostima, djeca uspijevaju prona\u0107i male radosti. Ovom zbirkom, Halilovi\u0107 pravi sna\u017ean, ljudski, neprocjenjiv doprinos podru\u010dju izu\u010davanja mira i konflikta.&#8220;&#8221; tab_id=&#8221;1750939681256-1&#8243;][testimonial star_rating=&#8221;none&#8221; title=&#8221;Section&#8221; id=&#8221;1750939681286-7&#8243; name=&#8221;PETER MAASS&#8221; subtitle=&#8221;Urednik, The Intercept&#8221; quote=&#8221;&#8220;Rat u Bosni zavr\u0161io je prije preko vi\u0161e od 20 godina, ali ova sje\u0107anja, i ova knjiga, bezvremenski su u svojoj mudrosti i sr\u010danosti, i povremeno, u svom iznena\u0111uju\u0107em humoru. Ono \u0161to ova sje\u0107anja govore \u2013 \u0161to ova knjiga u cijelosti govori \u2013 vrijedno je i pametno i zaslu\u017euje da ga svi pro\u010ditamo.&#8220;&#8221; tab_id=&#8221;1750939681287-6&#8243;][testimonial star_rating=&#8221;none&#8221; title=&#8221;Section&#8221; id=&#8221;1750939681307-5&#8243; name=&#8221;DORIS PACK&#8221; subtitle=&#8221;Predsjednica, Evropski kulturni komitet&#8221; quote=&#8221;&#8220;Kada sam prvi put vidjela ovu knjigu, bila sam zapanjena kako je pozitivna \u2013 a lagano mogla biti koncentrisana na smrt i destrukciju koju je iskusila cijela generacija. Ovaj mozaik kratkih sje\u0107anja na kraju je donesen na fascinantan na\u010din, kontinuirano i brzo smjenjuju\u0107i razli\u010dite emocije i sje\u0107anja, da ispri\u010da pri\u010du opkoljenih generacija. Kao predsjednica Evropskog kulturnog komiteta, aplaudiram naporima gosp. Halilovi\u0107a da osigura da ne zaboravimo ovaj period bliske evropske historije.&#8220;&#8221; tab_id=&#8221;1750939681307-6&#8243;][testimonial star_rating=&#8221;none&#8221; title=&#8221;Section&#8221; id=&#8221;1750939681318-7&#8243; name=&#8221;BRACO DIMITRIJEVIC&#8221; subtitle=&#8221;Umjetnik&#8221; quote=&#8221;&#8220;U djetinjstvu se sve stvari do\u017eivljavaju u nekoj pomaknutoj dimenziji, pa tako i najekstremnija egzistencijalna iskustva kao \u0161to su rat, smrt, ljubav. Mnoga svjedo\u010danstva na koja sam nai\u0161ao \u010ditaju\u0107i ovu knjigu govore o toj, na sre\u0107u, pomjerenoj percepciji. Tu djecu znam danas kao mlade i kreativne ljude, mnogi su mi prijatelji, i u njihovom karakteru i odnosu prema \u017eivotu prepoznajem te crte apsurdnog humora i kreativnog prkosa koje su im pomogle da pre\u017eive rat.&#8220;&#8221; tab_id=&#8221;1750939681318-5&#8243;][\/testimonial_slider][\/vc_column][\/vc_row][vc_row type=&#8221;in_container&#8221; full_screen_row_position=&#8221;middle&#8221; column_margin=&#8221;default&#8221; column_direction=&#8221;default&#8221; column_direction_tablet=&#8221;default&#8221; column_direction_phone=&#8221;default&#8221; scene_position=&#8221;center&#8221; text_color=&#8221;dark&#8221; text_align=&#8221;left&#8221; row_border_radius=&#8221;none&#8221; row_border_radius_applies=&#8221;bg&#8221; overlay_strength=&#8221;0.3&#8243; gradient_direction=&#8221;left_to_right&#8221; shape_divider_position=&#8221;bottom&#8221; bg_image_animation=&#8221;none&#8221;][vc_column column_padding=&#8221;no-extra-padding&#8221; column_padding_tablet=&#8221;inherit&#8221; column_padding_phone=&#8221;inherit&#8221; column_padding_position=&#8221;all&#8221; column_element_spacing=&#8221;default&#8221; centered_text=&#8221;true&#8221; background_color_opacity=&#8221;1&#8243; background_hover_color_opacity=&#8221;1&#8243; column_shadow=&#8221;none&#8221; column_border_radius=&#8221;none&#8221; column_link_target=&#8221;_self&#8221; gradient_direction=&#8221;left_to_right&#8221; overlay_strength=&#8221;0.3&#8243; width=&#8221;1\/1&#8243; tablet_width_inherit=&#8221;default&#8221; tablet_text_alignment=&#8221;default&#8221; phone_text_alignment=&#8221;default&#8221; bg_image_animation=&#8221;none&#8221; border_type=&#8221;simple&#8221; column_border_width=&#8221;none&#8221; column_border_style=&#8221;solid&#8221;][vc_gallery type=&#8221;flexslider_style&#8221; images=&#8221;2219,2218,2217,2216,2215,2214&#8243; onclick=&#8221;link_image&#8221; img_size=&#8221;1000&#215;620&#8243;][\/vc_column][\/vc_row]\n","protected":false},"excerpt":{"rendered":"<p>[vc_row type=&#8221;grid&#8221; full_screen_row_position=&#8221;middle&#8221; column_margin=&#8221;default&#8221; column_direction=&#8221;default&#8221; column_direction_tablet=&#8221;default&#8221; column_direction_phone=&#8221;default&#8221; scene_position=&#8221;center&#8221; text_color=&#8221;dark&#8221; text_align=&#8221;left&#8221; row_border_radius=&#8221;none&#8221; row_border_radius_applies=&#8221;bg&#8221; overlay_strength=&#8221;0.3&#8243; gradient_direction=&#8221;left_to_right&#8221; shape_divider_position=&#8221;bottom&#8221; bg_image_animation=&#8221;none&#8221; is_fss_bg=&#8221;no&#8221;][vc_column column_padding=&#8221;no-extra-padding&#8221; column_padding_tablet=&#8221;inherit&#8221; column_padding_phone=&#8221;inherit&#8221; column_padding_position=&#8221;all&#8221; column_element_spacing=&#8221;default&#8221; background_color_opacity=&#8221;1&#8243; background_hover_color_opacity=&#8221;1&#8243; column_shadow=&#8221;none&#8221; column_border_radius=&#8221;none&#8221; column_link_target=&#8221;_self&#8221; gradient_direction=&#8221;left_to_right&#8221; overlay_strength=&#8221;0.3&#8243; width=&#8221;1\/2&#8243;&#8230;<\/p>\n","protected":false},"author":1,"featured_media":0,"parent":0,"menu_order":0,"comment_status":"closed","ping_status":"closed","template":"","meta":{"give_campaign_id":0,"_seopress_robots_primary_cat":"","_seopress_titles_title":"Knjiga 'Djetinjstvo u ratu' | Muzej ratnog djetinjstva","_seopress_titles_desc":"Projekt \u2018Djetinjstvo u ratu\u2019 pokrenuo je 2010. godine\u00a0Jasminko Halilovi\u0107\u00a0pozvav\u0161i ljude da mu po\u0161alju svoje kratke odgovore na pitanje\u00a0\u2018\u0160ta je za tebe djetinjstvo u ratu?\u2019.\u00a0Nakon velikog odaziva, uslijedio je dvoipogodi\u0161nji uredni\u010dki rad na knjizi.","_seopress_robots_index":"","footnotes":""},"class_list":["post-69","page","type-page","status-publish"],"campaignId":"","_links":{"self":[{"href":"https:\/\/warchildhood.org\/ba\/wp-json\/wp\/v2\/pages\/69","targetHints":{"allow":["GET"]}}],"collection":[{"href":"https:\/\/warchildhood.org\/ba\/wp-json\/wp\/v2\/pages"}],"about":[{"href":"https:\/\/warchildhood.org\/ba\/wp-json\/wp\/v2\/types\/page"}],"author":[{"embeddable":true,"href":"https:\/\/warchildhood.org\/ba\/wp-json\/wp\/v2\/users\/1"}],"replies":[{"embeddable":true,"href":"https:\/\/warchildhood.org\/ba\/wp-json\/wp\/v2\/comments?post=69"}],"version-history":[{"count":7,"href":"https:\/\/warchildhood.org\/ba\/wp-json\/wp\/v2\/pages\/69\/revisions"}],"predecessor-version":[{"id":5820,"href":"https:\/\/warchildhood.org\/ba\/wp-json\/wp\/v2\/pages\/69\/revisions\/5820"}],"wp:attachment":[{"href":"https:\/\/warchildhood.org\/ba\/wp-json\/wp\/v2\/media?parent=69"}],"curies":[{"name":"wp","href":"https:\/\/api.w.org\/{rel}","templated":true}]}}